{"id":484,"date":"2025-06-25T20:26:17","date_gmt":"2025-06-25T18:26:17","guid":{"rendered":"https:\/\/www.groov-it.fr\/boutique\/produit\/sweat-shirt-unisexe-classique-ras-du-cou-gildan-18000\/"},"modified":"2025-07-04T19:34:29","modified_gmt":"2025-07-04T17:34:29","slug":"sweat-shirt-unisexe-classique-ras-du-cou-gildan-18000","status":"publish","type":"product","link":"https:\/\/www.groov-it.fr\/boutique\/produit\/sweat-shirt-unisexe-classique-ras-du-cou-gildan-18000\/","title":{"rendered":"Sweat-shirt unisexe classique"},"content":{"rendered":"<ul>\n<li>Un sweat-shirt \u00e9pais, fabriqu\u00e9 \u00e0 partir d&#8217;un doux m\u00e9lange 50% coton et 50% polyester.<\/li>\n<li>Filature \u00e0 jet d&#8217;air pour une sensation de douceur et un faible boulochage.<\/li>\n<li>Couture double aiguille \u00e0 l&#8217;\u00e9paule, \u00e0 l&#8217;emmanchure, au col, \u00e0 la ceinture mont\u00e9e et aux poignets.<\/li>\n<li>Tricot c\u00f4tel\u00e9 1&#215;1 en \u00e9lasthanne pour plus d&#8217;\u00e9lasticit\u00e9.<\/li>\n<li>Coupe classique pour un confort quotidien.<\/li>\n<\/ul>\n<p><strong>Guide des tailles<\/strong><\/p>\n<table>\n<tbody>\n<tr>\n<td><\/td>\n<td><strong>S<\/strong><\/td>\n<td><strong>M<\/strong><\/td>\n<td><strong>L<\/strong><\/td>\n<td><strong>XL<\/strong><\/td>\n<td><strong>2XL<\/strong><\/td>\n<td><strong>3XL<\/strong><\/td>\n<td><strong>4XL<\/strong><\/td>\n<td><strong>5XL<\/strong><\/td>\n<\/tr>\n<tr>\n<td><strong>A) Longueur (cm)<\/strong><\/td>\n<td>69<\/td>\n<td>71<\/td>\n<td>74<\/td>\n<td>76<\/td>\n<td>79<\/td>\n<td>81<\/td>\n<td>83.8<\/td>\n<td>86.3<\/td>\n<\/tr>\n<tr>\n<td><strong>B) Largeur (cm)<\/strong><\/td>\n<td>102<\/td>\n<td>112<\/td>\n<td>122<\/td>\n<td>132<\/td>\n<td>142<\/td>\n<td>152<\/td>\n<td>162.6<\/td>\n<td>172.8<\/td>\n<\/tr>\n<tr>\n<td><strong>B) Demi-poitrine (cm)<\/strong><\/td>\n<td>51<\/td>\n<td>56<\/td>\n<td>61<\/td>\n<td>66<\/td>\n<td>71<\/td>\n<td>76<\/td>\n<td>81.3<\/td>\n<td>86.4<\/td>\n<\/tr>\n<tr>\n<td><strong>C) Longueur des manches (cm)<\/strong><\/td>\n<td>85<\/td>\n<td>88<\/td>\n<td>90<\/td>\n<td>93<\/td>\n<td>95<\/td>\n<td>98<\/td>\n<td>100.3<\/td>\n<td>102.9<\/td>\n<\/tr>\n<\/tbody>\n<\/table>\n<table>\n<tbody>\n<tr>\n<td><\/td>\n<td><strong>S<\/strong><\/td>\n<td><strong>M<\/strong><\/td>\n<td><strong>L<\/strong><\/td>\n<td><strong>XL<\/strong><\/td>\n<td><strong>2XL<\/strong><\/td>\n<td><strong>3XL<\/strong><\/td>\n<td><strong>4XL<\/strong><\/td>\n<td><strong>5XL<\/strong><\/td>\n<\/tr>\n<tr>\n<td><strong>A) Longueur (pouces)<\/strong><\/td>\n<td>27.2<\/td>\n<td>28<\/td>\n<td>29.1<\/td>\n<td>29.9<\/td>\n<td>31.1<\/td>\n<td>31.9<\/td>\n<td>33<\/td>\n<td>34<\/td>\n<\/tr>\n<tr>\n<td><strong>B) Largeur (pouces)<\/strong><\/td>\n<td>40.2<\/td>\n<td>44.1<\/td>\n<td>48<\/td>\n<td>52<\/td>\n<td>55.9<\/td>\n<td>59.8<\/td>\n<td>64<\/td>\n<td>68<\/td>\n<\/tr>\n<tr>\n<td><strong>B) Demi-poitrine (pouces)<\/strong><\/td>\n<td>20.1<\/td>\n<td>22<\/td>\n<td>24<\/td>\n<td>26<\/td>\n<td>28<\/td>\n<td>29.9<\/td>\n<td>32<\/td>\n<td>34<\/td>\n<\/tr>\n<tr>\n<td><strong>C) Longueur des manches (pouces)<\/strong><\/td>\n<td>33.5<\/td>\n<td>34.6<\/td>\n<td>35.4<\/td>\n<td>36.6<\/td>\n<td>37.4<\/td>\n<td>38.6<\/td>\n<td>39.5<\/td>\n<td>40.5<\/td>\n<\/tr>\n<\/tbody>\n<\/table>\n<p><strong>Instructions d&#8217;entretien<\/strong><\/p>\n<table>\n<tbody>\n<tr>\n<td>G\u00e9n\u00e9ral<\/td>\n<td>Ce sweat-shirt alliant confort et style d\u00e9contract\u00e9, est un \u00e9l\u00e9ment polyvalent indispensable pour toute garde-robe.<\/td>\n<\/tr>\n<tr>\n<td>Lavage<\/td>\n<td>Laver en machine \u00e0 chaud avec des couleurs similaires.<\/td>\n<\/tr>\n<tr>\n<td>S\u00e9chage<\/td>\n<td>S\u00e9cher en machine en cycle moyen.<\/td>\n<\/tr>\n<tr>\n<td>Rangement<\/td>\n<td>Ranger dans un endroit frais et sec, \u00e0 l&#8217;abri de la lumi\u00e8re directe du soleil.<\/td>\n<\/tr>\n<\/tbody>\n<\/table>\n","protected":false},"excerpt":{"rendered":"<p>Un sweat-shirt \u00e9pais, fabriqu\u00e9 \u00e0 partir d&#8217;un doux m\u00e9lange 50% coton et 50% polyester. Filature \u00e0 jet d&#8217;air pour une sensation de douceur et un faible boulochage. Couture double aiguille \u00e0 l&#8217;\u00e9paule, \u00e0 l&#8217;emmanchure, au col, \u00e0 la ceinture mont\u00e9e et aux poignets. Tricot c\u00f4tel\u00e9 1&#215;1 en \u00e9lasthanne pour plus d&#8217;\u00e9lasticit\u00e9. Coupe classique pour un [&hellip;]<\/p>\n","protected":false},"featured_media":483,"comment_status":"open","ping_status":"closed","template":"","meta":[],"product_brand":[],"product_cat":[15],"product_tag":[],"class_list":{"0":"post-484","1":"product","2":"type-product","3":"status-publish","4":"has-post-thumbnail","6":"product_cat-non-classe","8":"first","9":"instock","10":"shipping-taxable","11":"purchasable","12":"product-type-variable"},"_links":{"self":[{"href":"https:\/\/www.groov-it.fr\/boutique\/wp-json\/wp\/v2\/product\/484","targetHints":{"allow":["GET"]}}],"collection":[{"href":"https:\/\/www.groov-it.fr\/boutique\/wp-json\/wp\/v2\/product"}],"about":[{"href":"https:\/\/www.groov-it.fr\/boutique\/wp-json\/wp\/v2\/types\/product"}],"replies":[{"embeddable":true,"href":"https:\/\/www.groov-it.fr\/boutique\/wp-json\/wp\/v2\/comments?post=484"}],"wp:featuredmedia":[{"embeddable":true,"href":"https:\/\/www.groov-it.fr\/boutique\/wp-json\/wp\/v2\/media\/483"}],"wp:attachment":[{"href":"https:\/\/www.groov-it.fr\/boutique\/wp-json\/wp\/v2\/media?parent=484"}],"wp:term":[{"taxonomy":"product_brand","embeddable":true,"href":"https:\/\/www.groov-it.fr\/boutique\/wp-json\/wp\/v2\/product_brand?post=484"},{"taxonomy":"product_cat","embeddable":true,"href":"https:\/\/www.groov-it.fr\/boutique\/wp-json\/wp\/v2\/product_cat?post=484"},{"taxonomy":"product_tag","embeddable":true,"href":"https:\/\/www.groov-it.fr\/boutique\/wp-json\/wp\/v2\/product_tag?post=484"}],"curies":[{"name":"wp","href":"https:\/\/api.w.org\/{rel}","templated":true}]}}