{"id":437,"date":"2025-06-25T20:03:37","date_gmt":"2025-06-25T18:03:37","guid":{"rendered":"https:\/\/www.groov-it.fr\/boutique\/produit\/sweat-a-capuche-unisexe-classique-2-flocages-gildan-18500\/"},"modified":"2025-07-04T19:25:44","modified_gmt":"2025-07-04T17:25:44","slug":"sweat-a-capuche-unisexe-classique-2-flocages-gildan-18500","status":"publish","type":"product","link":"https:\/\/www.groov-it.fr\/boutique\/produit\/sweat-a-capuche-unisexe-classique-2-flocages-gildan-18500\/","title":{"rendered":"Sweat \u00e0 capuche unisexe classique avec flocage dos"},"content":{"rendered":"<ul>\n<li>Un sweat \u00e0 capuche \u00e9pais, fabriqu\u00e9 \u00e0 partir d&#8217;un doux m\u00e9lange 50% coton et 50% polyester.<\/li>\n<li>Dot\u00e9 d&#8217;une capuche doubl\u00e9e avec cordon de serrage assorti.<\/li>\n<li>La filature \u00e0 jet d&#8217;air du tissu offre une sensation de douceur et r\u00e9duit le boulochage.<\/li>\n<li>Comprend une poche ventrale, des poignets en tricot c\u00f4tel\u00e9 et une ceinture mont\u00e9e en \u00e9lasthanne.<\/li>\n<\/ul>\n<p><strong>Guide des tailles<\/strong><\/p>\n<table>\n<tbody>\n<tr>\n<td><\/td>\n<td><strong>S<\/strong><\/td>\n<td><strong>M<\/strong><\/td>\n<td><strong>L<\/strong><\/td>\n<td><strong>XL<\/strong><\/td>\n<td><strong>2XL<\/strong><\/td>\n<td><strong>3XL<\/strong><\/td>\n<td><strong>4XL<\/strong><\/td>\n<td><strong>5XL<\/strong><\/td>\n<\/tr>\n<tr>\n<td><strong>A) Longueur (cm)<\/strong><\/td>\n<td>68.6<\/td>\n<td>71.1<\/td>\n<td>73.7<\/td>\n<td>76.2<\/td>\n<td>78.7<\/td>\n<td>81.3<\/td>\n<td>84<\/td>\n<td>86<\/td>\n<\/tr>\n<tr>\n<td><strong>B) Largeur (cm)<\/strong><\/td>\n<td>101.6<\/td>\n<td>111.8<\/td>\n<td>122<\/td>\n<td>132<\/td>\n<td>142.2<\/td>\n<td>152.4<\/td>\n<td>162<\/td>\n<td>172<\/td>\n<\/tr>\n<tr>\n<td><strong>B) Demi-poitrine (cm)<\/strong><\/td>\n<td>50.8<\/td>\n<td>55.9<\/td>\n<td>61<\/td>\n<td>66<\/td>\n<td>71.1<\/td>\n<td>76.2<\/td>\n<td>81<\/td>\n<td>86<\/td>\n<\/tr>\n<tr>\n<td><strong>C) Longueur des manches (cm)<\/strong><\/td>\n<td>85.1<\/td>\n<td>87.6<\/td>\n<td>90.2<\/td>\n<td>92.7<\/td>\n<td>95.3<\/td>\n<td>97.8<\/td>\n<td>100<\/td>\n<td>103<\/td>\n<\/tr>\n<\/tbody>\n<\/table>\n<table>\n<tbody>\n<tr>\n<td><\/td>\n<td><strong>S<\/strong><\/td>\n<td><strong>M<\/strong><\/td>\n<td><strong>L<\/strong><\/td>\n<td><strong>XL<\/strong><\/td>\n<td><strong>2XL<\/strong><\/td>\n<td><strong>3XL<\/strong><\/td>\n<td><strong>4XL<\/strong><\/td>\n<td><strong>5XL<\/strong><\/td>\n<\/tr>\n<tr>\n<td><strong>A) Longueur (pouces)<\/strong><\/td>\n<td>27<\/td>\n<td>28<\/td>\n<td>29<\/td>\n<td>30<\/td>\n<td>31<\/td>\n<td>32<\/td>\n<td>33.1<\/td>\n<td>33.9<\/td>\n<\/tr>\n<tr>\n<td><strong>B) Largeur (pouces)<\/strong><\/td>\n<td>40<\/td>\n<td>44<\/td>\n<td>48<\/td>\n<td>52<\/td>\n<td>56<\/td>\n<td>60<\/td>\n<td>63.8<\/td>\n<td>67.7<\/td>\n<\/tr>\n<tr>\n<td><strong>B) Demi-poitrine (pouces)<\/strong><\/td>\n<td>20<\/td>\n<td>22<\/td>\n<td>24<\/td>\n<td>26<\/td>\n<td>28<\/td>\n<td>30<\/td>\n<td>31.9<\/td>\n<td>33.9<\/td>\n<\/tr>\n<tr>\n<td><strong>C) Longueur des manches (pouces)<\/strong><\/td>\n<td>33.5<\/td>\n<td>34.5<\/td>\n<td>35.5<\/td>\n<td>36.5<\/td>\n<td>37.5<\/td>\n<td>38.5<\/td>\n<td>39.4<\/td>\n<td>40.6<\/td>\n<\/tr>\n<\/tbody>\n<\/table>\n<p><strong>Instructions d&#8217;entretien<\/strong><\/p>\n<table>\n<tbody>\n<tr>\n<td>G\u00e9n\u00e9ral<\/td>\n<td>Le sweat \u00e0 capuche Gildan 18500 est connu pour son m\u00e9lange de tissus robustes, son confort et sa polyvalence, ce qui en fait un choix populaire pour les designs personnalis\u00e9s et les commandes group\u00e9es.<\/td>\n<\/tr>\n<tr>\n<td>Lavage<\/td>\n<td>Laver en machine \u00e0 froid pour conserver l&#8217;int\u00e9grit\u00e9 du tissu.<\/td>\n<\/tr>\n<tr>\n<td>S\u00e9chage<\/td>\n<td>S\u00e9cher en machine en cycle moyen.<\/td>\n<\/tr>\n<tr>\n<td>Rangement<\/td>\n<td>Ce sweat \u00e0 capuche, largement disponible en ligne chez divers d\u00e9taillants, garantit une facilit\u00e9 d&#8217;achat.<\/td>\n<\/tr>\n<\/tbody>\n<\/table>\n","protected":false},"excerpt":{"rendered":"<p>Un sweat \u00e0 capuche \u00e9pais, fabriqu\u00e9 \u00e0 partir d&#8217;un doux m\u00e9lange 50% coton et 50% polyester. Dot\u00e9 d&#8217;une capuche doubl\u00e9e avec cordon de serrage assorti. La filature \u00e0 jet d&#8217;air du tissu offre une sensation de douceur et r\u00e9duit le boulochage. Comprend une poche ventrale, des poignets en tricot c\u00f4tel\u00e9 et une ceinture mont\u00e9e en [&hellip;]<\/p>\n","protected":false},"featured_media":527,"comment_status":"open","ping_status":"closed","template":"","meta":[],"product_brand":[],"product_cat":[15],"product_tag":[],"class_list":{"0":"post-437","1":"product","2":"type-product","3":"status-publish","4":"has-post-thumbnail","6":"product_cat-non-classe","8":"first","9":"instock","10":"featured","11":"shipping-taxable","12":"purchasable","13":"product-type-variable"},"_links":{"self":[{"href":"https:\/\/www.groov-it.fr\/boutique\/wp-json\/wp\/v2\/product\/437","targetHints":{"allow":["GET"]}}],"collection":[{"href":"https:\/\/www.groov-it.fr\/boutique\/wp-json\/wp\/v2\/product"}],"about":[{"href":"https:\/\/www.groov-it.fr\/boutique\/wp-json\/wp\/v2\/types\/product"}],"replies":[{"embeddable":true,"href":"https:\/\/www.groov-it.fr\/boutique\/wp-json\/wp\/v2\/comments?post=437"}],"wp:featuredmedia":[{"embeddable":true,"href":"https:\/\/www.groov-it.fr\/boutique\/wp-json\/wp\/v2\/media\/527"}],"wp:attachment":[{"href":"https:\/\/www.groov-it.fr\/boutique\/wp-json\/wp\/v2\/media?parent=437"}],"wp:term":[{"taxonomy":"product_brand","embeddable":true,"href":"https:\/\/www.groov-it.fr\/boutique\/wp-json\/wp\/v2\/product_brand?post=437"},{"taxonomy":"product_cat","embeddable":true,"href":"https:\/\/www.groov-it.fr\/boutique\/wp-json\/wp\/v2\/product_cat?post=437"},{"taxonomy":"product_tag","embeddable":true,"href":"https:\/\/www.groov-it.fr\/boutique\/wp-json\/wp\/v2\/product_tag?post=437"}],"curies":[{"name":"wp","href":"https:\/\/api.w.org\/{rel}","templated":true}]}}