{"id":276,"date":"2025-03-29T15:55:11","date_gmt":"2025-03-29T14:55:11","guid":{"rendered":"https:\/\/www.groov-it.fr\/boutique\/?page_id=276"},"modified":"2025-03-29T15:55:11","modified_gmt":"2025-03-29T14:55:11","slug":"mentions-legales","status":"publish","type":"page","link":"https:\/\/www.groov-it.fr\/boutique\/mentions-legales\/","title":{"rendered":"Mentions l\u00e9gales"},"content":{"rendered":"<p>Conform\u00e9ment \u00e0 la loi n\u00b02004-575 du 21 juin 2004 pour la confiance dans l&#8217;\u00e9conomie num\u00e9rique, voici les informations relatives \u00e0 l&#8217;\u00e9diteur et \u00e0 l\u2019h\u00e9bergeur du site <strong>groov-it.fr<\/strong>.<\/p><h2 class=\"wp-block-heading\">\u00c9diteur du site<\/h2><p><strong>Nom de l\u2019entreprise<\/strong> : Groov\u2019It<br><strong>Statut juridique<\/strong> : Micro-entreprise<br><strong>Nom du responsable<\/strong> : Adrien Camier<br><strong>Adresse<\/strong> : Disponible sur demande<br><strong>Email<\/strong> : <a>contactgroovit@gmail.com<\/a><br><strong>Num\u00e9ro SIRET<\/strong> : <\/p><h2 class=\"wp-block-heading\">Prestataire d\u2019impression<\/h2><p>Les produits propos\u00e9s sur la boutique Groov\u2019It sont imprim\u00e9s et exp\u00e9di\u00e9s par notre partenaire de confiance :<\/p><p><strong>TPOP<\/strong><br>Service d\u2019impression \u00e0 la demande<br>Si\u00e8ge social : 9 avenue de la Gare, 19140 Uzerche, France<br>Site web : <a class=\"\" href=\"https:\/\/www.tpop.com\">https:\/\/www.tpop.com<\/a><\/p><p>TPOP est responsable de la fabrication, du conditionnement et de l\u2019exp\u00e9dition des commandes.<\/p><h2 class=\"wp-block-heading\">H\u00e9bergeur du site<\/h2><p><strong>Nom<\/strong> : o2switch<br><strong>Adresse<\/strong> : 222 Boulevard Gustave Flaubert, 63000 Clermont-Ferrand, France<br><strong>T\u00e9l\u00e9phone<\/strong> : 04 44 44 60 40<br><strong>Site web<\/strong> : <a class=\"\" href=\"https:\/\/www.o2switch.fr\">https:\/\/www.o2switch.fr<\/a><\/p><h2 class=\"wp-block-heading\">Propri\u00e9t\u00e9 intellectuelle<\/h2><p>L\u2019ensemble du contenu pr\u00e9sent sur le site (textes, images, logos, vid\u00e9os, etc.) est la propri\u00e9t\u00e9 de <strong>Groov\u2019It<\/strong> sauf mention contraire.<br>Toute reproduction, diffusion ou exploitation sans autorisation est interdite.<\/p><h2 class=\"wp-block-heading\">Donn\u00e9es personnelles<\/h2><p>Les informations collect\u00e9es sur ce site sont utilis\u00e9es uniquement dans le cadre des commandes, de la gestion client et de la communication.<br>Conform\u00e9ment au RGPD, vous disposez d\u2019un droit d\u2019acc\u00e8s, de rectification et de suppression de vos donn\u00e9es. Pour cela, vous pouvez nous contacter \u00e0 <strong><a>contactgroovit@gmail.com<\/a><\/strong>.<\/p>","protected":false},"excerpt":{"rendered":"<p>Conform\u00e9ment \u00e0 la loi n\u00b02004-575 du 21 juin 2004 pour la confiance dans l&#8217;\u00e9conomie num\u00e9rique, voici les informations relatives \u00e0 l&#8217;\u00e9diteur et \u00e0 l\u2019h\u00e9bergeur du site groov-it.fr. \u00c9diteur du site Nom de l\u2019entreprise : Groov\u2019ItStatut juridique : Micro-entrepriseNom du responsable : Adrien CamierAdresse : Disponible sur demandeEmail : contactgroovit@gmail.comNum\u00e9ro SIRET : Prestataire d\u2019impression Les produits [&hellip;]<\/p>\n","protected":false},"author":1,"featured_media":0,"parent":0,"menu_order":0,"comment_status":"closed","ping_status":"closed","template":"","meta":{"footnotes":""},"class_list":["post-276","page","type-page","status-publish","hentry"],"_links":{"self":[{"href":"https:\/\/www.groov-it.fr\/boutique\/wp-json\/wp\/v2\/pages\/276","targetHints":{"allow":["GET"]}}],"collection":[{"href":"https:\/\/www.groov-it.fr\/boutique\/wp-json\/wp\/v2\/pages"}],"about":[{"href":"https:\/\/www.groov-it.fr\/boutique\/wp-json\/wp\/v2\/types\/page"}],"author":[{"embeddable":true,"href":"https:\/\/www.groov-it.fr\/boutique\/wp-json\/wp\/v2\/users\/1"}],"replies":[{"embeddable":true,"href":"https:\/\/www.groov-it.fr\/boutique\/wp-json\/wp\/v2\/comments?post=276"}],"version-history":[{"count":1,"href":"https:\/\/www.groov-it.fr\/boutique\/wp-json\/wp\/v2\/pages\/276\/revisions"}],"predecessor-version":[{"id":277,"href":"https:\/\/www.groov-it.fr\/boutique\/wp-json\/wp\/v2\/pages\/276\/revisions\/277"}],"wp:attachment":[{"href":"https:\/\/www.groov-it.fr\/boutique\/wp-json\/wp\/v2\/media?parent=276"}],"curies":[{"name":"wp","href":"https:\/\/api.w.org\/{rel}","templated":true}]}}